{"id":852,"date":"2020-09-14T12:13:28","date_gmt":"2020-09-14T10:13:28","guid":{"rendered":"https:\/\/www.champagnevessier.com\/produit\/champagne-brut\/"},"modified":"2024-05-24T17:45:39","modified_gmt":"2024-05-24T15:45:39","slug":"champagne-brut","status":"publish","type":"product","link":"https:\/\/www.champagnevessier.com\/en\/produit\/champagne-brut\/","title":{"rendered":"Champagne Vessier brut 75 cl \/ Cuv\u00e9e D\u00e9couverte"},"content":{"rendered":"<p>An amber yellow colour with fresh fruit aromas, notes of pear and peach on the palate.<br \/>\nAperitifs and convivial gatherings.<\/p>\n<p><strong>Delivery is offered<\/strong> (for an order of 3 bottles or more).<\/p>\n<p>Available in the store in 75 cl.<br \/>\nIf you want to buy other formats: 37.5 cl. or 1.5 l., contact us via the <a class=\"adresseformulaire\" href =\"https:\/\/www.champagnevessier.com\/en\/contact\/\">contact form.<\/a><\/p>\n","protected":false},"excerpt":{"rendered":"<p>LA CUV\u00c9E BRUT<br \/>\nA CHOICE OF BALANCE<br \/>\nAND LOVELY FRESH MINERALITY<\/p>\n<p class=\"medailor\"><strong>Gold medal 2020<br \/>\nScore : 86\/100<\/strong><br \/>\nInternational Challenge Gilbert Gaillard<\/p>\n<p>Absolute balance for a classic that is perfect for any situation:<br \/>\n\u2022 1\/3 Chardonnay,<br \/>\n\u2022 1\/3 Pinot Meunier,<br \/>\n\u2022 1\/3 Pinot Noir.<\/p>\n<p class=\"medailor\"><strong>Delivery is free from 3 bottles.<\/strong><\/p>\n","protected":false},"featured_media":976,"template":"","meta":[],"product_cat":[112],"product_tag":[],"class_list":{"0":"post-852","1":"product","2":"type-product","3":"status-publish","4":"has-post-thumbnail","6":"product_cat-brut-en","8":"first","9":"instock","10":"taxable","11":"shipping-taxable","12":"purchasable","13":"product-type-simple"},"yoast_head":"<!-- This site is optimized with the Yoast SEO plugin v23.9 - https:\/\/yoast.com\/wordpress\/plugins\/seo\/ -->\n<title>Champagne Vessier brut 75 cl \/ Cuv\u00e9e D\u00e9couverte - champagnevessier.com<\/title>\n<meta name=\"robots\" content=\"index, follow, max-snippet:-1, max-image-preview:large, max-video-preview:-1\" \/>\n<link rel=\"canonical\" href=\"https:\/\/www.champagnevessier.com\/en\/produit\/champagne-brut\/\" \/>\n<meta property=\"og:locale\" content=\"en_US\" \/>\n<meta property=\"og:type\" content=\"article\" \/>\n<meta property=\"og:title\" content=\"Champagne Vessier brut 75 cl \/ Cuv\u00e9e D\u00e9couverte - champagnevessier.com\" \/>\n<meta property=\"og:description\" content=\"LA CUV\u00c9E BRUT A CHOICE OF BALANCE AND LOVELY FRESH MINERALITY  Gold medal 2020 Score : 86\/100 International Challenge Gilbert Gaillard  Absolute balance for a classic that is perfect for any situation: \u2022 1\/3 Chardonnay, \u2022 1\/3 Pinot Meunier, \u2022 1\/3 Pinot Noir. Delivery is free from 3 bottles.\" \/>\n<meta property=\"og:url\" content=\"https:\/\/www.champagnevessier.com\/en\/produit\/champagne-brut\/\" \/>\n<meta property=\"og:site_name\" content=\"champagnevessier.com\" \/>\n<meta property=\"article:publisher\" content=\"https:\/\/www.facebook.com\/vessierchampagne\" \/>\n<meta property=\"article:modified_time\" content=\"2024-05-24T15:45:39+00:00\" \/>\n<meta property=\"og:image\" content=\"https:\/\/www.champagnevessier.com\/wp-content\/uploads\/2020\/09\/Vessier-brut-75cl-decouverte.jpg\" \/>\n\t<meta property=\"og:image:width\" content=\"515\" \/>\n\t<meta property=\"og:image:height\" content=\"600\" \/>\n\t<meta property=\"og:image:type\" content=\"image\/jpeg\" \/>\n<meta name=\"twitter:card\" content=\"summary_large_image\" \/>\n<script type=\"application\/ld+json\" class=\"yoast-schema-graph\">{\"@context\":\"https:\/\/schema.org\",\"@graph\":[{\"@type\":\"WebPage\",\"@id\":\"https:\/\/www.champagnevessier.com\/en\/produit\/champagne-brut\/\",\"url\":\"https:\/\/www.champagnevessier.com\/en\/produit\/champagne-brut\/\",\"name\":\"Champagne Vessier brut 75 cl \/ Cuv\u00e9e D\u00e9couverte - champagnevessier.com\",\"isPartOf\":{\"@id\":\"https:\/\/www.champagnevessier.com\/en\/#website\"},\"primaryImageOfPage\":{\"@id\":\"https:\/\/www.champagnevessier.com\/en\/produit\/champagne-brut\/#primaryimage\"},\"image\":{\"@id\":\"https:\/\/www.champagnevessier.com\/en\/produit\/champagne-brut\/#primaryimage\"},\"thumbnailUrl\":\"https:\/\/www.champagnevessier.com\/wp-content\/uploads\/2020\/09\/Vessier-brut-75cl-decouverte.jpg\",\"datePublished\":\"2020-09-14T10:13:28+00:00\",\"dateModified\":\"2024-05-24T15:45:39+00:00\",\"breadcrumb\":{\"@id\":\"https:\/\/www.champagnevessier.com\/en\/produit\/champagne-brut\/#breadcrumb\"},\"inLanguage\":\"en-US\",\"potentialAction\":[{\"@type\":\"ReadAction\",\"target\":[\"https:\/\/www.champagnevessier.com\/en\/produit\/champagne-brut\/\"]}]},{\"@type\":\"ImageObject\",\"inLanguage\":\"en-US\",\"@id\":\"https:\/\/www.champagnevessier.com\/en\/produit\/champagne-brut\/#primaryimage\",\"url\":\"https:\/\/www.champagnevessier.com\/wp-content\/uploads\/2020\/09\/Vessier-brut-75cl-decouverte.jpg\",\"contentUrl\":\"https:\/\/www.champagnevessier.com\/wp-content\/uploads\/2020\/09\/Vessier-brut-75cl-decouverte.jpg\",\"width\":515,\"height\":600},{\"@type\":\"BreadcrumbList\",\"@id\":\"https:\/\/www.champagnevessier.com\/en\/produit\/champagne-brut\/#breadcrumb\",\"itemListElement\":[{\"@type\":\"ListItem\",\"position\":1,\"name\":\"Accueil\",\"item\":\"https:\/\/www.champagnevessier.com\/en\/\"},{\"@type\":\"ListItem\",\"position\":2,\"name\":\"Products\",\"item\":\"https:\/\/www.champagnevessier.com\/en\/shop\/\"},{\"@type\":\"ListItem\",\"position\":3,\"name\":\"Champagne Vessier brut 75 cl \/ Cuv\u00e9e D\u00e9couverte\"}]},{\"@type\":\"WebSite\",\"@id\":\"https:\/\/www.champagnevessier.com\/en\/#website\",\"url\":\"https:\/\/www.champagnevessier.com\/en\/\",\"name\":\"champagnevessier.com\",\"description\":\"Chaque sortie est un voyage\",\"publisher\":{\"@id\":\"https:\/\/www.champagnevessier.com\/en\/#organization\"},\"potentialAction\":[{\"@type\":\"SearchAction\",\"target\":{\"@type\":\"EntryPoint\",\"urlTemplate\":\"https:\/\/www.champagnevessier.com\/en\/?s={search_term_string}\"},\"query-input\":{\"@type\":\"PropertyValueSpecification\",\"valueRequired\":true,\"valueName\":\"search_term_string\"}}],\"inLanguage\":\"en-US\"},{\"@type\":\"Organization\",\"@id\":\"https:\/\/www.champagnevessier.com\/en\/#organization\",\"name\":\"champagnevessier.com\",\"url\":\"https:\/\/www.champagnevessier.com\/en\/\",\"logo\":{\"@type\":\"ImageObject\",\"inLanguage\":\"en-US\",\"@id\":\"https:\/\/www.champagnevessier.com\/en\/#\/schema\/logo\/image\/\",\"url\":\"http:\/\/www.champagnevessier.com\/wp-content\/uploads\/2018\/09\/23737660_505123016519286_2879629248371277353_o.jpg\",\"contentUrl\":\"http:\/\/www.champagnevessier.com\/wp-content\/uploads\/2018\/09\/23737660_505123016519286_2879629248371277353_o.jpg\",\"width\":992,\"height\":650,\"caption\":\"champagnevessier.com\"},\"image\":{\"@id\":\"https:\/\/www.champagnevessier.com\/en\/#\/schema\/logo\/image\/\"},\"sameAs\":[\"https:\/\/www.facebook.com\/vessierchampagne\",\"https:\/\/www.instagram.com\/champagnevessier\/\"]}]}<\/script>\n<!-- \/ Yoast SEO plugin. -->","yoast_head_json":{"title":"Champagne Vessier brut 75 cl \/ Cuv\u00e9e D\u00e9couverte - champagnevessier.com","robots":{"index":"index","follow":"follow","max-snippet":"max-snippet:-1","max-image-preview":"max-image-preview:large","max-video-preview":"max-video-preview:-1"},"canonical":"https:\/\/www.champagnevessier.com\/en\/produit\/champagne-brut\/","og_locale":"en_US","og_type":"article","og_title":"Champagne Vessier brut 75 cl \/ Cuv\u00e9e D\u00e9couverte - champagnevessier.com","og_description":"LA CUV\u00c9E BRUT A CHOICE OF BALANCE AND LOVELY FRESH MINERALITY  Gold medal 2020 Score : 86\/100 International Challenge Gilbert Gaillard  Absolute balance for a classic that is perfect for any situation: \u2022 1\/3 Chardonnay, \u2022 1\/3 Pinot Meunier, \u2022 1\/3 Pinot Noir. Delivery is free from 3 bottles.","og_url":"https:\/\/www.champagnevessier.com\/en\/produit\/champagne-brut\/","og_site_name":"champagnevessier.com","article_publisher":"https:\/\/www.facebook.com\/vessierchampagne","article_modified_time":"2024-05-24T15:45:39+00:00","og_image":[{"width":515,"height":600,"url":"https:\/\/www.champagnevessier.com\/wp-content\/uploads\/2020\/09\/Vessier-brut-75cl-decouverte.jpg","type":"image\/jpeg"}],"twitter_card":"summary_large_image","schema":{"@context":"https:\/\/schema.org","@graph":[{"@type":"WebPage","@id":"https:\/\/www.champagnevessier.com\/en\/produit\/champagne-brut\/","url":"https:\/\/www.champagnevessier.com\/en\/produit\/champagne-brut\/","name":"Champagne Vessier brut 75 cl \/ Cuv\u00e9e D\u00e9couverte - champagnevessier.com","isPartOf":{"@id":"https:\/\/www.champagnevessier.com\/en\/#website"},"primaryImageOfPage":{"@id":"https:\/\/www.champagnevessier.com\/en\/produit\/champagne-brut\/#primaryimage"},"image":{"@id":"https:\/\/www.champagnevessier.com\/en\/produit\/champagne-brut\/#primaryimage"},"thumbnailUrl":"https:\/\/www.champagnevessier.com\/wp-content\/uploads\/2020\/09\/Vessier-brut-75cl-decouverte.jpg","datePublished":"2020-09-14T10:13:28+00:00","dateModified":"2024-05-24T15:45:39+00:00","breadcrumb":{"@id":"https:\/\/www.champagnevessier.com\/en\/produit\/champagne-brut\/#breadcrumb"},"inLanguage":"en-US","potentialAction":[{"@type":"ReadAction","target":["https:\/\/www.champagnevessier.com\/en\/produit\/champagne-brut\/"]}]},{"@type":"ImageObject","inLanguage":"en-US","@id":"https:\/\/www.champagnevessier.com\/en\/produit\/champagne-brut\/#primaryimage","url":"https:\/\/www.champagnevessier.com\/wp-content\/uploads\/2020\/09\/Vessier-brut-75cl-decouverte.jpg","contentUrl":"https:\/\/www.champagnevessier.com\/wp-content\/uploads\/2020\/09\/Vessier-brut-75cl-decouverte.jpg","width":515,"height":600},{"@type":"BreadcrumbList","@id":"https:\/\/www.champagnevessier.com\/en\/produit\/champagne-brut\/#breadcrumb","itemListElement":[{"@type":"ListItem","position":1,"name":"Accueil","item":"https:\/\/www.champagnevessier.com\/en\/"},{"@type":"ListItem","position":2,"name":"Products","item":"https:\/\/www.champagnevessier.com\/en\/shop\/"},{"@type":"ListItem","position":3,"name":"Champagne Vessier brut 75 cl \/ Cuv\u00e9e D\u00e9couverte"}]},{"@type":"WebSite","@id":"https:\/\/www.champagnevessier.com\/en\/#website","url":"https:\/\/www.champagnevessier.com\/en\/","name":"champagnevessier.com","description":"Chaque sortie est un voyage","publisher":{"@id":"https:\/\/www.champagnevessier.com\/en\/#organization"},"potentialAction":[{"@type":"SearchAction","target":{"@type":"EntryPoint","urlTemplate":"https:\/\/www.champagnevessier.com\/en\/?s={search_term_string}"},"query-input":{"@type":"PropertyValueSpecification","valueRequired":true,"valueName":"search_term_string"}}],"inLanguage":"en-US"},{"@type":"Organization","@id":"https:\/\/www.champagnevessier.com\/en\/#organization","name":"champagnevessier.com","url":"https:\/\/www.champagnevessier.com\/en\/","logo":{"@type":"ImageObject","inLanguage":"en-US","@id":"https:\/\/www.champagnevessier.com\/en\/#\/schema\/logo\/image\/","url":"http:\/\/www.champagnevessier.com\/wp-content\/uploads\/2018\/09\/23737660_505123016519286_2879629248371277353_o.jpg","contentUrl":"http:\/\/www.champagnevessier.com\/wp-content\/uploads\/2018\/09\/23737660_505123016519286_2879629248371277353_o.jpg","width":992,"height":650,"caption":"champagnevessier.com"},"image":{"@id":"https:\/\/www.champagnevessier.com\/en\/#\/schema\/logo\/image\/"},"sameAs":["https:\/\/www.facebook.com\/vessierchampagne","https:\/\/www.instagram.com\/champagnevessier\/"]}]}},"_links":{"self":[{"href":"https:\/\/www.champagnevessier.com\/en\/wp-json\/wp\/v2\/product\/852","targetHints":{"allow":["GET"]}}],"collection":[{"href":"https:\/\/www.champagnevessier.com\/en\/wp-json\/wp\/v2\/product"}],"about":[{"href":"https:\/\/www.champagnevessier.com\/en\/wp-json\/wp\/v2\/types\/product"}],"wp:featuredmedia":[{"embeddable":true,"href":"https:\/\/www.champagnevessier.com\/en\/wp-json\/wp\/v2\/media\/976"}],"wp:attachment":[{"href":"https:\/\/www.champagnevessier.com\/en\/wp-json\/wp\/v2\/media?parent=852"}],"wp:term":[{"taxonomy":"product_cat","embeddable":true,"href":"https:\/\/www.champagnevessier.com\/en\/wp-json\/wp\/v2\/product_cat?post=852"},{"taxonomy":"product_tag","embeddable":true,"href":"https:\/\/www.champagnevessier.com\/en\/wp-json\/wp\/v2\/product_tag?post=852"}],"curies":[{"name":"wp","href":"https:\/\/api.w.org\/{rel}","templated":true}]}}