{"id":610,"date":"2018-08-06T10:27:55","date_gmt":"2018-08-06T08:27:55","guid":{"rendered":"https:\/\/www.champagnevessier.com\/accueil-champagne-vessier\/"},"modified":"2018-09-18T07:45:50","modified_gmt":"2018-09-18T05:45:50","slug":"accueil-champagne-vessier","status":"publish","type":"page","link":"https:\/\/www.champagnevessier.com\/en\/","title":{"rendered":"Accueil Champagne Vessier"},"content":{"rendered":"<div class=\"accueilvessier\">\n<div class=\"textaccueil\">\n<div class=\"blason1\"><\/div>\n<div class=\"stopfloat><\/div>\n<div class=\"hometext\">\n<p>Pour visiter le site Champagne Vessier, vous devez avoir l\u2019\u00e2ge l\u00e9gal autoris\u00e9 pour acheter ou consommer de l\u2019alcool dans votre pays.<br \/>\n<span class=\"en\">To visit the Champagne Vessier website you must be of legal drinking age in your country.<\/span><\/p>\n<p>S\u2019il n\u2019existe pas de l\u00e9gislation \u00e0 ce sujet dans votre pays, vous devez \u00eatre \u00e2g\u00e9 de 21 ans au moins.<br \/>\nJ\u2019accepte les conditions de ce site.<br \/>\n<span class=\"en\">If there is no legal age for consuming alcohol in your country, you must be over 21.<br \/>\nI accept the terms and conditions of this website.<\/span><\/p>\n<\/div>\n<div class=\"stopfloat\"><\/div>\n<div id=\"ouinon\">\n<p class=\"oui\"><a href=\"https:\/\/www.champagnevessier.com\/en\/champagne-vessier\/\">OUI   \/   <span class=\"en\">YES<\/span><\/a><\/p>\n<p class=\"non\"><a href=\"https:\/\/www.champagnevessier.com\/moins-de-18-ans\/\">NON   \/   <span class=\"en\">NO<\/span><\/a><\/p>\n<\/p><\/div>\n<div class=\"stopfloat\"><\/div>\n<div class=\"abus\">\n<p>L\u2019abus d\u2019alcool est dangereux pour la sant\u00e9, le champagne est \u00e0 consommer avec mod\u00e9ration.<br \/>\n<span class=\"en\">The abuse of alcohol is dangerous, consume champagne with moderation.<\/span><\/p>\n<\/div><\/div>\n<\/div>\n","protected":false},"excerpt":{"rendered":"","protected":false},"author":1,"featured_media":0,"parent":0,"menu_order":0,"comment_status":"closed","ping_status":"closed","template":"","meta":{"footnotes":""},"class_list":["post-610","page","type-page","status-publish","hentry"],"yoast_head":"<!-- This site is optimized with the Yoast SEO plugin v23.9 - https:\/\/yoast.com\/wordpress\/plugins\/seo\/ -->\n<title>Accueil Champagne Vessier - champagnevessier.com<\/title>\n<meta name=\"description\" content=\"Champagne Vessier, brut, ros\u00e9, blanc de Blancs, 1er cru. Une gamme compl\u00e8te \u00e9labor\u00e9e pour chaque instant de consommation.\" \/>\n<meta name=\"robots\" content=\"index, follow, max-snippet:-1, max-image-preview:large, max-video-preview:-1\" \/>\n<link rel=\"canonical\" href=\"https:\/\/www.champagnevessier.com\/en\/\" \/>\n<meta property=\"og:locale\" content=\"en_US\" \/>\n<meta property=\"og:type\" content=\"article\" \/>\n<meta property=\"og:title\" content=\"Accueil Champagne Vessier - champagnevessier.com\" \/>\n<meta property=\"og:description\" content=\"Champagne Vessier, brut, ros\u00e9, blanc de Blancs, 1er cru. Une gamme compl\u00e8te \u00e9labor\u00e9e pour chaque instant de consommation.\" \/>\n<meta property=\"og:url\" content=\"https:\/\/www.champagnevessier.com\/en\/\" \/>\n<meta property=\"og:site_name\" content=\"champagnevessier.com\" \/>\n<meta property=\"article:publisher\" content=\"https:\/\/www.facebook.com\/vessierchampagne\" \/>\n<meta property=\"article:modified_time\" content=\"2018-09-18T05:45:50+00:00\" \/>\n<meta property=\"og:image\" content=\"https:\/\/www.champagnevessier.com\/wp-content\/uploads\/2018\/09\/23737660_505123016519286_2879629248371277353_o.jpg\" \/>\n\t<meta property=\"og:image:width\" content=\"992\" \/>\n\t<meta property=\"og:image:height\" content=\"650\" \/>\n\t<meta property=\"og:image:type\" content=\"image\/jpeg\" \/>\n<meta name=\"twitter:card\" content=\"summary_large_image\" \/>\n<script type=\"application\/ld+json\" class=\"yoast-schema-graph\">{\"@context\":\"https:\/\/schema.org\",\"@graph\":[{\"@type\":\"WebPage\",\"@id\":\"https:\/\/www.champagnevessier.com\/en\/\",\"url\":\"https:\/\/www.champagnevessier.com\/en\/\",\"name\":\"Accueil Champagne Vessier - champagnevessier.com\",\"isPartOf\":{\"@id\":\"https:\/\/www.champagnevessier.com\/en\/#website\"},\"datePublished\":\"2018-08-06T08:27:55+00:00\",\"dateModified\":\"2018-09-18T05:45:50+00:00\",\"description\":\"Champagne Vessier, brut, ros\u00e9, blanc de Blancs, 1er cru. Une gamme compl\u00e8te \u00e9labor\u00e9e pour chaque instant de consommation.\",\"breadcrumb\":{\"@id\":\"https:\/\/www.champagnevessier.com\/en\/#breadcrumb\"},\"inLanguage\":\"en-US\",\"potentialAction\":[{\"@type\":\"ReadAction\",\"target\":[\"https:\/\/www.champagnevessier.com\/en\/\"]}]},{\"@type\":\"BreadcrumbList\",\"@id\":\"https:\/\/www.champagnevessier.com\/en\/#breadcrumb\",\"itemListElement\":[{\"@type\":\"ListItem\",\"position\":1,\"name\":\"Accueil\",\"item\":\"https:\/\/www.champagnevessier.com\/en\/\"},{\"@type\":\"ListItem\",\"position\":2,\"name\":\"Accueil Champagne Vessier\"}]},{\"@type\":\"WebSite\",\"@id\":\"https:\/\/www.champagnevessier.com\/en\/#website\",\"url\":\"https:\/\/www.champagnevessier.com\/en\/\",\"name\":\"champagnevessier.com\",\"description\":\"Chaque sortie est un voyage\",\"publisher\":{\"@id\":\"https:\/\/www.champagnevessier.com\/en\/#organization\"},\"potentialAction\":[{\"@type\":\"SearchAction\",\"target\":{\"@type\":\"EntryPoint\",\"urlTemplate\":\"https:\/\/www.champagnevessier.com\/en\/?s={search_term_string}\"},\"query-input\":{\"@type\":\"PropertyValueSpecification\",\"valueRequired\":true,\"valueName\":\"search_term_string\"}}],\"inLanguage\":\"en-US\"},{\"@type\":\"Organization\",\"@id\":\"https:\/\/www.champagnevessier.com\/en\/#organization\",\"name\":\"champagnevessier.com\",\"url\":\"https:\/\/www.champagnevessier.com\/en\/\",\"logo\":{\"@type\":\"ImageObject\",\"inLanguage\":\"en-US\",\"@id\":\"https:\/\/www.champagnevessier.com\/en\/#\/schema\/logo\/image\/\",\"url\":\"http:\/\/www.champagnevessier.com\/wp-content\/uploads\/2018\/09\/23737660_505123016519286_2879629248371277353_o.jpg\",\"contentUrl\":\"http:\/\/www.champagnevessier.com\/wp-content\/uploads\/2018\/09\/23737660_505123016519286_2879629248371277353_o.jpg\",\"width\":992,\"height\":650,\"caption\":\"champagnevessier.com\"},\"image\":{\"@id\":\"https:\/\/www.champagnevessier.com\/en\/#\/schema\/logo\/image\/\"},\"sameAs\":[\"https:\/\/www.facebook.com\/vessierchampagne\",\"https:\/\/www.instagram.com\/champagnevessier\/\"]}]}<\/script>\n<!-- \/ Yoast SEO plugin. -->","yoast_head_json":{"title":"Accueil Champagne Vessier - champagnevessier.com","description":"Champagne Vessier, brut, ros\u00e9, blanc de Blancs, 1er cru. Une gamme compl\u00e8te \u00e9labor\u00e9e pour chaque instant de consommation.","robots":{"index":"index","follow":"follow","max-snippet":"max-snippet:-1","max-image-preview":"max-image-preview:large","max-video-preview":"max-video-preview:-1"},"canonical":"https:\/\/www.champagnevessier.com\/en\/","og_locale":"en_US","og_type":"article","og_title":"Accueil Champagne Vessier - champagnevessier.com","og_description":"Champagne Vessier, brut, ros\u00e9, blanc de Blancs, 1er cru. Une gamme compl\u00e8te \u00e9labor\u00e9e pour chaque instant de consommation.","og_url":"https:\/\/www.champagnevessier.com\/en\/","og_site_name":"champagnevessier.com","article_publisher":"https:\/\/www.facebook.com\/vessierchampagne","article_modified_time":"2018-09-18T05:45:50+00:00","og_image":[{"width":992,"height":650,"url":"https:\/\/www.champagnevessier.com\/wp-content\/uploads\/2018\/09\/23737660_505123016519286_2879629248371277353_o.jpg","type":"image\/jpeg"}],"twitter_card":"summary_large_image","schema":{"@context":"https:\/\/schema.org","@graph":[{"@type":"WebPage","@id":"https:\/\/www.champagnevessier.com\/en\/","url":"https:\/\/www.champagnevessier.com\/en\/","name":"Accueil Champagne Vessier - champagnevessier.com","isPartOf":{"@id":"https:\/\/www.champagnevessier.com\/en\/#website"},"datePublished":"2018-08-06T08:27:55+00:00","dateModified":"2018-09-18T05:45:50+00:00","description":"Champagne Vessier, brut, ros\u00e9, blanc de Blancs, 1er cru. Une gamme compl\u00e8te \u00e9labor\u00e9e pour chaque instant de consommation.","breadcrumb":{"@id":"https:\/\/www.champagnevessier.com\/en\/#breadcrumb"},"inLanguage":"en-US","potentialAction":[{"@type":"ReadAction","target":["https:\/\/www.champagnevessier.com\/en\/"]}]},{"@type":"BreadcrumbList","@id":"https:\/\/www.champagnevessier.com\/en\/#breadcrumb","itemListElement":[{"@type":"ListItem","position":1,"name":"Accueil","item":"https:\/\/www.champagnevessier.com\/en\/"},{"@type":"ListItem","position":2,"name":"Accueil Champagne Vessier"}]},{"@type":"WebSite","@id":"https:\/\/www.champagnevessier.com\/en\/#website","url":"https:\/\/www.champagnevessier.com\/en\/","name":"champagnevessier.com","description":"Chaque sortie est un voyage","publisher":{"@id":"https:\/\/www.champagnevessier.com\/en\/#organization"},"potentialAction":[{"@type":"SearchAction","target":{"@type":"EntryPoint","urlTemplate":"https:\/\/www.champagnevessier.com\/en\/?s={search_term_string}"},"query-input":{"@type":"PropertyValueSpecification","valueRequired":true,"valueName":"search_term_string"}}],"inLanguage":"en-US"},{"@type":"Organization","@id":"https:\/\/www.champagnevessier.com\/en\/#organization","name":"champagnevessier.com","url":"https:\/\/www.champagnevessier.com\/en\/","logo":{"@type":"ImageObject","inLanguage":"en-US","@id":"https:\/\/www.champagnevessier.com\/en\/#\/schema\/logo\/image\/","url":"http:\/\/www.champagnevessier.com\/wp-content\/uploads\/2018\/09\/23737660_505123016519286_2879629248371277353_o.jpg","contentUrl":"http:\/\/www.champagnevessier.com\/wp-content\/uploads\/2018\/09\/23737660_505123016519286_2879629248371277353_o.jpg","width":992,"height":650,"caption":"champagnevessier.com"},"image":{"@id":"https:\/\/www.champagnevessier.com\/en\/#\/schema\/logo\/image\/"},"sameAs":["https:\/\/www.facebook.com\/vessierchampagne","https:\/\/www.instagram.com\/champagnevessier\/"]}]}},"_links":{"self":[{"href":"https:\/\/www.champagnevessier.com\/en\/wp-json\/wp\/v2\/pages\/610","targetHints":{"allow":["GET"]}}],"collection":[{"href":"https:\/\/www.champagnevessier.com\/en\/wp-json\/wp\/v2\/pages"}],"about":[{"href":"https:\/\/www.champagnevessier.com\/en\/wp-json\/wp\/v2\/types\/page"}],"author":[{"embeddable":true,"href":"https:\/\/www.champagnevessier.com\/en\/wp-json\/wp\/v2\/users\/1"}],"replies":[{"embeddable":true,"href":"https:\/\/www.champagnevessier.com\/en\/wp-json\/wp\/v2\/comments?post=610"}],"version-history":[{"count":0,"href":"https:\/\/www.champagnevessier.com\/en\/wp-json\/wp\/v2\/pages\/610\/revisions"}],"wp:attachment":[{"href":"https:\/\/www.champagnevessier.com\/en\/wp-json\/wp\/v2\/media?parent=610"}],"curies":[{"name":"wp","href":"https:\/\/api.w.org\/{rel}","templated":true}]}}