{"id":431,"date":"2018-08-06T08:36:51","date_gmt":"2018-08-06T06:36:51","guid":{"rendered":"https:\/\/www.champagnevessier.com\/nos-vins\/champagne-rose\/"},"modified":"2018-09-06T11:45:44","modified_gmt":"2018-09-06T09:45:44","slug":"champagne-rose","status":"publish","type":"page","link":"https:\/\/www.champagnevessier.com\/en\/nos-vins\/champagne-rose\/","title":{"rendered":"CUV\u00c9E ROS\u00c9E"},"content":{"rendered":"<div class=\"rose\">\n<div class=\"fleche\"><a class=\"flechegauche\" href=\"https:\/\/www.champagnevessier.com\/en\/nos-vins\/cuvee-brut\/\"><\/a><\/div>\n<div class=\"textrose\">\n<h2>LA CUV\u00c9E ROS\u00c9E<\/h2>\n<h3>FESTIVE WITH A GOURMET BALANCE<\/h3>\n<p>A precise blend,<\/p>\n<p><span>\u2022  90% Pinot Meunier,<\/span><\/p>\n<p><span>\u2022  10% Pinot Noir.<\/span><\/p>\n<p>A festive orangy pink colour with fine bubbles. Aromas of red fruits (rapsberry, morello cherry), rich and slightly tart fruit notes.<\/p>\n<\/div>\n<div class=\"fleche\"><a class=\"flechedroite\" href=\"https:\/\/www.champagnevessier.com\/en\/nos-vins\/cuvee-vessier-blanc-de-blanc\/\"><\/a><\/div>\n<\/div>\n","protected":false},"excerpt":{"rendered":"<p>LA CUV\u00c9E ROS\u00c9E FESTIVE WITH A GOURMET BALANCE A precise blend, \u2022 90% Pinot Meunier, \u2022 10% Pinot Noir. A festive orangy pink colour with fine bubbles. Aromas of red fruits (rapsberry, morello cherry), rich and slightly tart fruit notes.<\/p>\n","protected":false},"author":1,"featured_media":0,"parent":391,"menu_order":2,"comment_status":"closed","ping_status":"closed","template":"","meta":{"footnotes":""},"class_list":["post-431","page","type-page","status-publish","hentry"],"yoast_head":"<!-- This site is optimized with the Yoast SEO plugin v23.9 - https:\/\/yoast.com\/wordpress\/plugins\/seo\/ -->\n<title>CUV\u00c9E ROS\u00c9E - champagnevessier.com<\/title>\n<meta name=\"description\" content=\"UN \u00c9QUILIBRE GOURMAND ET FESTIF.\" \/>\n<meta name=\"robots\" content=\"index, follow, max-snippet:-1, max-image-preview:large, max-video-preview:-1\" \/>\n<link rel=\"canonical\" href=\"https:\/\/www.champagnevessier.com\/en\/nos-vins\/champagne-rose\/\" \/>\n<meta property=\"og:locale\" content=\"en_US\" \/>\n<meta property=\"og:type\" content=\"article\" \/>\n<meta property=\"og:title\" content=\"CUV\u00c9E ROS\u00c9E - champagnevessier.com\" \/>\n<meta property=\"og:description\" content=\"UN \u00c9QUILIBRE GOURMAND ET FESTIF.\" \/>\n<meta property=\"og:url\" content=\"https:\/\/www.champagnevessier.com\/en\/nos-vins\/champagne-rose\/\" \/>\n<meta property=\"og:site_name\" content=\"champagnevessier.com\" \/>\n<meta property=\"article:publisher\" content=\"https:\/\/www.facebook.com\/vessierchampagne\" \/>\n<meta property=\"article:modified_time\" content=\"2018-09-06T09:45:44+00:00\" \/>\n<meta property=\"og:image\" content=\"https:\/\/www.champagnevessier.com\/wp-content\/uploads\/2018\/09\/23737660_505123016519286_2879629248371277353_o.jpg\" \/>\n\t<meta property=\"og:image:width\" content=\"992\" \/>\n\t<meta property=\"og:image:height\" content=\"650\" \/>\n\t<meta property=\"og:image:type\" content=\"image\/jpeg\" \/>\n<meta name=\"twitter:card\" content=\"summary_large_image\" \/>\n<script type=\"application\/ld+json\" class=\"yoast-schema-graph\">{\"@context\":\"https:\/\/schema.org\",\"@graph\":[{\"@type\":\"WebPage\",\"@id\":\"https:\/\/www.champagnevessier.com\/en\/nos-vins\/champagne-rose\/\",\"url\":\"https:\/\/www.champagnevessier.com\/en\/nos-vins\/champagne-rose\/\",\"name\":\"CUV\u00c9E ROS\u00c9E - champagnevessier.com\",\"isPartOf\":{\"@id\":\"https:\/\/www.champagnevessier.com\/en\/#website\"},\"datePublished\":\"2018-08-06T06:36:51+00:00\",\"dateModified\":\"2018-09-06T09:45:44+00:00\",\"description\":\"UN \u00c9QUILIBRE GOURMAND ET FESTIF.\",\"breadcrumb\":{\"@id\":\"https:\/\/www.champagnevessier.com\/en\/nos-vins\/champagne-rose\/#breadcrumb\"},\"inLanguage\":\"en-US\",\"potentialAction\":[{\"@type\":\"ReadAction\",\"target\":[\"https:\/\/www.champagnevessier.com\/en\/nos-vins\/champagne-rose\/\"]}]},{\"@type\":\"BreadcrumbList\",\"@id\":\"https:\/\/www.champagnevessier.com\/en\/nos-vins\/champagne-rose\/#breadcrumb\",\"itemListElement\":[{\"@type\":\"ListItem\",\"position\":1,\"name\":\"Accueil\",\"item\":\"https:\/\/www.champagnevessier.com\/en\/\"},{\"@type\":\"ListItem\",\"position\":2,\"name\":\"OUR WINES\",\"item\":\"https:\/\/www.champagnevessier.com\/en\/nos-vins\/\"},{\"@type\":\"ListItem\",\"position\":3,\"name\":\"CUV\u00c9E ROS\u00c9E\"}]},{\"@type\":\"WebSite\",\"@id\":\"https:\/\/www.champagnevessier.com\/en\/#website\",\"url\":\"https:\/\/www.champagnevessier.com\/en\/\",\"name\":\"champagnevessier.com\",\"description\":\"Chaque sortie est un voyage\",\"publisher\":{\"@id\":\"https:\/\/www.champagnevessier.com\/en\/#organization\"},\"potentialAction\":[{\"@type\":\"SearchAction\",\"target\":{\"@type\":\"EntryPoint\",\"urlTemplate\":\"https:\/\/www.champagnevessier.com\/en\/?s={search_term_string}\"},\"query-input\":{\"@type\":\"PropertyValueSpecification\",\"valueRequired\":true,\"valueName\":\"search_term_string\"}}],\"inLanguage\":\"en-US\"},{\"@type\":\"Organization\",\"@id\":\"https:\/\/www.champagnevessier.com\/en\/#organization\",\"name\":\"champagnevessier.com\",\"url\":\"https:\/\/www.champagnevessier.com\/en\/\",\"logo\":{\"@type\":\"ImageObject\",\"inLanguage\":\"en-US\",\"@id\":\"https:\/\/www.champagnevessier.com\/en\/#\/schema\/logo\/image\/\",\"url\":\"http:\/\/www.champagnevessier.com\/wp-content\/uploads\/2018\/09\/23737660_505123016519286_2879629248371277353_o.jpg\",\"contentUrl\":\"http:\/\/www.champagnevessier.com\/wp-content\/uploads\/2018\/09\/23737660_505123016519286_2879629248371277353_o.jpg\",\"width\":992,\"height\":650,\"caption\":\"champagnevessier.com\"},\"image\":{\"@id\":\"https:\/\/www.champagnevessier.com\/en\/#\/schema\/logo\/image\/\"},\"sameAs\":[\"https:\/\/www.facebook.com\/vessierchampagne\",\"https:\/\/www.instagram.com\/champagnevessier\/\"]}]}<\/script>\n<!-- \/ Yoast SEO plugin. -->","yoast_head_json":{"title":"CUV\u00c9E ROS\u00c9E - champagnevessier.com","description":"UN \u00c9QUILIBRE GOURMAND ET FESTIF.","robots":{"index":"index","follow":"follow","max-snippet":"max-snippet:-1","max-image-preview":"max-image-preview:large","max-video-preview":"max-video-preview:-1"},"canonical":"https:\/\/www.champagnevessier.com\/en\/nos-vins\/champagne-rose\/","og_locale":"en_US","og_type":"article","og_title":"CUV\u00c9E ROS\u00c9E - champagnevessier.com","og_description":"UN \u00c9QUILIBRE GOURMAND ET FESTIF.","og_url":"https:\/\/www.champagnevessier.com\/en\/nos-vins\/champagne-rose\/","og_site_name":"champagnevessier.com","article_publisher":"https:\/\/www.facebook.com\/vessierchampagne","article_modified_time":"2018-09-06T09:45:44+00:00","og_image":[{"width":992,"height":650,"url":"https:\/\/www.champagnevessier.com\/wp-content\/uploads\/2018\/09\/23737660_505123016519286_2879629248371277353_o.jpg","type":"image\/jpeg"}],"twitter_card":"summary_large_image","schema":{"@context":"https:\/\/schema.org","@graph":[{"@type":"WebPage","@id":"https:\/\/www.champagnevessier.com\/en\/nos-vins\/champagne-rose\/","url":"https:\/\/www.champagnevessier.com\/en\/nos-vins\/champagne-rose\/","name":"CUV\u00c9E ROS\u00c9E - champagnevessier.com","isPartOf":{"@id":"https:\/\/www.champagnevessier.com\/en\/#website"},"datePublished":"2018-08-06T06:36:51+00:00","dateModified":"2018-09-06T09:45:44+00:00","description":"UN \u00c9QUILIBRE GOURMAND ET FESTIF.","breadcrumb":{"@id":"https:\/\/www.champagnevessier.com\/en\/nos-vins\/champagne-rose\/#breadcrumb"},"inLanguage":"en-US","potentialAction":[{"@type":"ReadAction","target":["https:\/\/www.champagnevessier.com\/en\/nos-vins\/champagne-rose\/"]}]},{"@type":"BreadcrumbList","@id":"https:\/\/www.champagnevessier.com\/en\/nos-vins\/champagne-rose\/#breadcrumb","itemListElement":[{"@type":"ListItem","position":1,"name":"Accueil","item":"https:\/\/www.champagnevessier.com\/en\/"},{"@type":"ListItem","position":2,"name":"OUR WINES","item":"https:\/\/www.champagnevessier.com\/en\/nos-vins\/"},{"@type":"ListItem","position":3,"name":"CUV\u00c9E ROS\u00c9E"}]},{"@type":"WebSite","@id":"https:\/\/www.champagnevessier.com\/en\/#website","url":"https:\/\/www.champagnevessier.com\/en\/","name":"champagnevessier.com","description":"Chaque sortie est un voyage","publisher":{"@id":"https:\/\/www.champagnevessier.com\/en\/#organization"},"potentialAction":[{"@type":"SearchAction","target":{"@type":"EntryPoint","urlTemplate":"https:\/\/www.champagnevessier.com\/en\/?s={search_term_string}"},"query-input":{"@type":"PropertyValueSpecification","valueRequired":true,"valueName":"search_term_string"}}],"inLanguage":"en-US"},{"@type":"Organization","@id":"https:\/\/www.champagnevessier.com\/en\/#organization","name":"champagnevessier.com","url":"https:\/\/www.champagnevessier.com\/en\/","logo":{"@type":"ImageObject","inLanguage":"en-US","@id":"https:\/\/www.champagnevessier.com\/en\/#\/schema\/logo\/image\/","url":"http:\/\/www.champagnevessier.com\/wp-content\/uploads\/2018\/09\/23737660_505123016519286_2879629248371277353_o.jpg","contentUrl":"http:\/\/www.champagnevessier.com\/wp-content\/uploads\/2018\/09\/23737660_505123016519286_2879629248371277353_o.jpg","width":992,"height":650,"caption":"champagnevessier.com"},"image":{"@id":"https:\/\/www.champagnevessier.com\/en\/#\/schema\/logo\/image\/"},"sameAs":["https:\/\/www.facebook.com\/vessierchampagne","https:\/\/www.instagram.com\/champagnevessier\/"]}]}},"_links":{"self":[{"href":"https:\/\/www.champagnevessier.com\/en\/wp-json\/wp\/v2\/pages\/431","targetHints":{"allow":["GET"]}}],"collection":[{"href":"https:\/\/www.champagnevessier.com\/en\/wp-json\/wp\/v2\/pages"}],"about":[{"href":"https:\/\/www.champagnevessier.com\/en\/wp-json\/wp\/v2\/types\/page"}],"author":[{"embeddable":true,"href":"https:\/\/www.champagnevessier.com\/en\/wp-json\/wp\/v2\/users\/1"}],"replies":[{"embeddable":true,"href":"https:\/\/www.champagnevessier.com\/en\/wp-json\/wp\/v2\/comments?post=431"}],"version-history":[{"count":0,"href":"https:\/\/www.champagnevessier.com\/en\/wp-json\/wp\/v2\/pages\/431\/revisions"}],"up":[{"embeddable":true,"href":"https:\/\/www.champagnevessier.com\/en\/wp-json\/wp\/v2\/pages\/391"}],"wp:attachment":[{"href":"https:\/\/www.champagnevessier.com\/en\/wp-json\/wp\/v2\/media?parent=431"}],"curies":[{"name":"wp","href":"https:\/\/api.w.org\/{rel}","templated":true}]}}