{"id":391,"date":"2018-08-03T17:34:49","date_gmt":"2018-08-03T15:34:49","guid":{"rendered":"https:\/\/www.champagnevessier.com\/nos-vins\/"},"modified":"2018-08-22T11:23:12","modified_gmt":"2018-08-22T09:23:12","slug":"nos-vins","status":"publish","type":"page","link":"https:\/\/www.champagnevessier.com\/en\/nos-vins\/","title":{"rendered":"OUR WINES"},"content":{"rendered":"<div class=\"lesvins\">\n<div class=\"lescrus\">\n<div>\n<p><a class=\"brut\" href=\"https:\/\/www.champagnevessier.com\/nos-vins\/cuvee-brut\/\">Champagne Brut Vessier<\/a><\/p>\n<\/div>\n<div>\n<p><a class=\"rose\" href=\"https:\/\/www.champagnevessier.com\/nos-vins\/champagne-rose\/\">Champagne Ros\u00e9 Vessier<\/a><\/p>\n<\/div>\n<div>\n<p><a class=\"blanc\" href=\"https:\/\/www.champagnevessier.com\/nos-vins\/cuvee-vessier-blanc-de-blanc\/\">Champagne Blanc de Blanc Vessier<\/a><\/p>\n<\/div>\n<div>\n<p><a class=\"cru\" href=\"https:\/\/www.champagnevessier.com\/nos-vins\/cuvee-vessier-premier-cru\/\">Champagne 1er Cru Vessier<\/a><\/p>\n<\/div>\n<\/div>\n<div class=\"stopfloat\"><\/div>\n<div class=\"gammevins\">\n<h2>A complete range for every type of customer<\/h2>\n<\/div>\n<\/div>\n","protected":false},"excerpt":{"rendered":"<p>Champagne Brut Vessier Champagne Ros\u00e9 Vessier Champagne Blanc de Blanc Vessier Champagne 1er Cru Vessier A complete range for every type of customer<\/p>\n","protected":false},"author":1,"featured_media":0,"parent":0,"menu_order":0,"comment_status":"closed","ping_status":"closed","template":"","meta":{"footnotes":""},"class_list":["post-391","page","type-page","status-publish","hentry"],"yoast_head":"<!-- This site is optimized with the Yoast SEO plugin v23.9 - https:\/\/yoast.com\/wordpress\/plugins\/seo\/ -->\n<title>OUR WINES - champagnevessier.com<\/title>\n<meta name=\"description\" content=\"Brut, Ros\u00e9, Blanc de blancs, premier cru, une gamme compl\u00e8te pour chaque type de client\u00e8le.\" \/>\n<meta name=\"robots\" content=\"index, follow, max-snippet:-1, max-image-preview:large, max-video-preview:-1\" \/>\n<link rel=\"canonical\" href=\"https:\/\/www.champagnevessier.com\/en\/nos-vins\/\" \/>\n<meta property=\"og:locale\" content=\"en_US\" \/>\n<meta property=\"og:type\" content=\"article\" \/>\n<meta property=\"og:title\" content=\"OUR WINES - champagnevessier.com\" \/>\n<meta property=\"og:description\" content=\"Brut, Ros\u00e9, Blanc de blancs, premier cru, une gamme compl\u00e8te pour chaque type de client\u00e8le.\" \/>\n<meta property=\"og:url\" content=\"https:\/\/www.champagnevessier.com\/en\/nos-vins\/\" \/>\n<meta property=\"og:site_name\" content=\"champagnevessier.com\" \/>\n<meta property=\"article:publisher\" content=\"https:\/\/www.facebook.com\/vessierchampagne\" \/>\n<meta property=\"article:modified_time\" content=\"2018-08-22T09:23:12+00:00\" \/>\n<meta property=\"og:image\" content=\"https:\/\/www.champagnevessier.com\/wp-content\/uploads\/2018\/09\/23737660_505123016519286_2879629248371277353_o.jpg\" \/>\n\t<meta property=\"og:image:width\" content=\"992\" \/>\n\t<meta property=\"og:image:height\" content=\"650\" \/>\n\t<meta property=\"og:image:type\" content=\"image\/jpeg\" \/>\n<meta name=\"twitter:card\" content=\"summary_large_image\" \/>\n<script type=\"application\/ld+json\" class=\"yoast-schema-graph\">{\"@context\":\"https:\/\/schema.org\",\"@graph\":[{\"@type\":\"WebPage\",\"@id\":\"https:\/\/www.champagnevessier.com\/en\/nos-vins\/\",\"url\":\"https:\/\/www.champagnevessier.com\/en\/nos-vins\/\",\"name\":\"OUR WINES - champagnevessier.com\",\"isPartOf\":{\"@id\":\"https:\/\/www.champagnevessier.com\/en\/#website\"},\"datePublished\":\"2018-08-03T15:34:49+00:00\",\"dateModified\":\"2018-08-22T09:23:12+00:00\",\"description\":\"Brut, Ros\u00e9, Blanc de blancs, premier cru, une gamme compl\u00e8te pour chaque type de client\u00e8le.\",\"breadcrumb\":{\"@id\":\"https:\/\/www.champagnevessier.com\/en\/nos-vins\/#breadcrumb\"},\"inLanguage\":\"en-US\",\"potentialAction\":[{\"@type\":\"ReadAction\",\"target\":[\"https:\/\/www.champagnevessier.com\/en\/nos-vins\/\"]}]},{\"@type\":\"BreadcrumbList\",\"@id\":\"https:\/\/www.champagnevessier.com\/en\/nos-vins\/#breadcrumb\",\"itemListElement\":[{\"@type\":\"ListItem\",\"position\":1,\"name\":\"Accueil\",\"item\":\"https:\/\/www.champagnevessier.com\/en\/\"},{\"@type\":\"ListItem\",\"position\":2,\"name\":\"OUR WINES\"}]},{\"@type\":\"WebSite\",\"@id\":\"https:\/\/www.champagnevessier.com\/en\/#website\",\"url\":\"https:\/\/www.champagnevessier.com\/en\/\",\"name\":\"champagnevessier.com\",\"description\":\"Chaque sortie est un voyage\",\"publisher\":{\"@id\":\"https:\/\/www.champagnevessier.com\/en\/#organization\"},\"potentialAction\":[{\"@type\":\"SearchAction\",\"target\":{\"@type\":\"EntryPoint\",\"urlTemplate\":\"https:\/\/www.champagnevessier.com\/en\/?s={search_term_string}\"},\"query-input\":{\"@type\":\"PropertyValueSpecification\",\"valueRequired\":true,\"valueName\":\"search_term_string\"}}],\"inLanguage\":\"en-US\"},{\"@type\":\"Organization\",\"@id\":\"https:\/\/www.champagnevessier.com\/en\/#organization\",\"name\":\"champagnevessier.com\",\"url\":\"https:\/\/www.champagnevessier.com\/en\/\",\"logo\":{\"@type\":\"ImageObject\",\"inLanguage\":\"en-US\",\"@id\":\"https:\/\/www.champagnevessier.com\/en\/#\/schema\/logo\/image\/\",\"url\":\"http:\/\/www.champagnevessier.com\/wp-content\/uploads\/2018\/09\/23737660_505123016519286_2879629248371277353_o.jpg\",\"contentUrl\":\"http:\/\/www.champagnevessier.com\/wp-content\/uploads\/2018\/09\/23737660_505123016519286_2879629248371277353_o.jpg\",\"width\":992,\"height\":650,\"caption\":\"champagnevessier.com\"},\"image\":{\"@id\":\"https:\/\/www.champagnevessier.com\/en\/#\/schema\/logo\/image\/\"},\"sameAs\":[\"https:\/\/www.facebook.com\/vessierchampagne\",\"https:\/\/www.instagram.com\/champagnevessier\/\"]}]}<\/script>\n<!-- \/ Yoast SEO plugin. -->","yoast_head_json":{"title":"OUR WINES - champagnevessier.com","description":"Brut, Ros\u00e9, Blanc de blancs, premier cru, une gamme compl\u00e8te pour chaque type de client\u00e8le.","robots":{"index":"index","follow":"follow","max-snippet":"max-snippet:-1","max-image-preview":"max-image-preview:large","max-video-preview":"max-video-preview:-1"},"canonical":"https:\/\/www.champagnevessier.com\/en\/nos-vins\/","og_locale":"en_US","og_type":"article","og_title":"OUR WINES - champagnevessier.com","og_description":"Brut, Ros\u00e9, Blanc de blancs, premier cru, une gamme compl\u00e8te pour chaque type de client\u00e8le.","og_url":"https:\/\/www.champagnevessier.com\/en\/nos-vins\/","og_site_name":"champagnevessier.com","article_publisher":"https:\/\/www.facebook.com\/vessierchampagne","article_modified_time":"2018-08-22T09:23:12+00:00","og_image":[{"width":992,"height":650,"url":"https:\/\/www.champagnevessier.com\/wp-content\/uploads\/2018\/09\/23737660_505123016519286_2879629248371277353_o.jpg","type":"image\/jpeg"}],"twitter_card":"summary_large_image","schema":{"@context":"https:\/\/schema.org","@graph":[{"@type":"WebPage","@id":"https:\/\/www.champagnevessier.com\/en\/nos-vins\/","url":"https:\/\/www.champagnevessier.com\/en\/nos-vins\/","name":"OUR WINES - champagnevessier.com","isPartOf":{"@id":"https:\/\/www.champagnevessier.com\/en\/#website"},"datePublished":"2018-08-03T15:34:49+00:00","dateModified":"2018-08-22T09:23:12+00:00","description":"Brut, Ros\u00e9, Blanc de blancs, premier cru, une gamme compl\u00e8te pour chaque type de client\u00e8le.","breadcrumb":{"@id":"https:\/\/www.champagnevessier.com\/en\/nos-vins\/#breadcrumb"},"inLanguage":"en-US","potentialAction":[{"@type":"ReadAction","target":["https:\/\/www.champagnevessier.com\/en\/nos-vins\/"]}]},{"@type":"BreadcrumbList","@id":"https:\/\/www.champagnevessier.com\/en\/nos-vins\/#breadcrumb","itemListElement":[{"@type":"ListItem","position":1,"name":"Accueil","item":"https:\/\/www.champagnevessier.com\/en\/"},{"@type":"ListItem","position":2,"name":"OUR WINES"}]},{"@type":"WebSite","@id":"https:\/\/www.champagnevessier.com\/en\/#website","url":"https:\/\/www.champagnevessier.com\/en\/","name":"champagnevessier.com","description":"Chaque sortie est un voyage","publisher":{"@id":"https:\/\/www.champagnevessier.com\/en\/#organization"},"potentialAction":[{"@type":"SearchAction","target":{"@type":"EntryPoint","urlTemplate":"https:\/\/www.champagnevessier.com\/en\/?s={search_term_string}"},"query-input":{"@type":"PropertyValueSpecification","valueRequired":true,"valueName":"search_term_string"}}],"inLanguage":"en-US"},{"@type":"Organization","@id":"https:\/\/www.champagnevessier.com\/en\/#organization","name":"champagnevessier.com","url":"https:\/\/www.champagnevessier.com\/en\/","logo":{"@type":"ImageObject","inLanguage":"en-US","@id":"https:\/\/www.champagnevessier.com\/en\/#\/schema\/logo\/image\/","url":"http:\/\/www.champagnevessier.com\/wp-content\/uploads\/2018\/09\/23737660_505123016519286_2879629248371277353_o.jpg","contentUrl":"http:\/\/www.champagnevessier.com\/wp-content\/uploads\/2018\/09\/23737660_505123016519286_2879629248371277353_o.jpg","width":992,"height":650,"caption":"champagnevessier.com"},"image":{"@id":"https:\/\/www.champagnevessier.com\/en\/#\/schema\/logo\/image\/"},"sameAs":["https:\/\/www.facebook.com\/vessierchampagne","https:\/\/www.instagram.com\/champagnevessier\/"]}]}},"_links":{"self":[{"href":"https:\/\/www.champagnevessier.com\/en\/wp-json\/wp\/v2\/pages\/391","targetHints":{"allow":["GET"]}}],"collection":[{"href":"https:\/\/www.champagnevessier.com\/en\/wp-json\/wp\/v2\/pages"}],"about":[{"href":"https:\/\/www.champagnevessier.com\/en\/wp-json\/wp\/v2\/types\/page"}],"author":[{"embeddable":true,"href":"https:\/\/www.champagnevessier.com\/en\/wp-json\/wp\/v2\/users\/1"}],"replies":[{"embeddable":true,"href":"https:\/\/www.champagnevessier.com\/en\/wp-json\/wp\/v2\/comments?post=391"}],"version-history":[{"count":0,"href":"https:\/\/www.champagnevessier.com\/en\/wp-json\/wp\/v2\/pages\/391\/revisions"}],"wp:attachment":[{"href":"https:\/\/www.champagnevessier.com\/en\/wp-json\/wp\/v2\/media?parent=391"}],"curies":[{"name":"wp","href":"https:\/\/api.w.org\/{rel}","templated":true}]}}